{"id":2,"date":"2022-11-17T08:45:19","date_gmt":"2022-11-17T08:45:19","guid":{"rendered":"http:\/\/www.odontologiabiologica.com\/?page_id=2"},"modified":"2025-08-04T14:42:58","modified_gmt":"2025-08-04T14:42:58","slug":"pagina-ejemplo","status":"publish","type":"page","link":"https:\/\/www.odontologiabiologica.com\/","title":{"rendered":"Odontolog\u00eda Biol\u00f3gica"},"content":{"rendered":"\t\t<div data-elementor-type=\"wp-page\" data-elementor-id=\"2\" class=\"elementor elementor-2\">\n\t\t\t\t\t\t<section class=\"elementor-section elementor-top-section elementor-element elementor-element-5166dc3 elementor-section-full_width elementor-section-stretched elementor-section-height-default elementor-section-height-default\" data-id=\"5166dc3\" data-element_type=\"section\" data-e-type=\"section\" data-settings=\"{&quot;stretch_section&quot;:&quot;section-stretched&quot;,&quot;background_background&quot;:&quot;classic&quot;}\">\n\t\t\t\t\t\t<div class=\"elementor-container elementor-column-gap-default\">\n\t\t\t\t\t<div class=\"elementor-column elementor-col-100 elementor-top-column elementor-element elementor-element-8f76184\" data-id=\"8f76184\" data-element_type=\"column\" data-e-type=\"column\">\n\t\t\t<div class=\"elementor-widget-wrap\">\n\t\t\t\t\t\t\t<\/div>\n\t\t<\/div>\n\t\t\t\t\t<\/div>\n\t\t<\/section>\n\t\t\t\t<section class=\"elementor-section elementor-top-section elementor-element elementor-element-2e8d7b8 elementor-section-stretched elementor-section-boxed elementor-section-height-default elementor-section-height-default\" data-id=\"2e8d7b8\" data-element_type=\"section\" data-e-type=\"section\" data-settings=\"{&quot;stretch_section&quot;:&quot;section-stretched&quot;,&quot;background_background&quot;:&quot;classic&quot;}\">\n\t\t\t\t\t\t<div class=\"elementor-container elementor-column-gap-default\">\n\t\t\t\t\t<div class=\"elementor-column elementor-col-100 elementor-top-column elementor-element elementor-element-b798ec4\" data-id=\"b798ec4\" data-element_type=\"column\" data-e-type=\"column\">\n\t\t\t<div class=\"elementor-widget-wrap elementor-element-populated\">\n\t\t\t\t\t\t<div class=\"elementor-element elementor-element-132070e elementor-widget elementor-widget-spacer\" data-id=\"132070e\" data-element_type=\"widget\" data-e-type=\"widget\" data-widget_type=\"spacer.default\">\n\t\t\t\t<div class=\"elementor-widget-container\">\n\t\t\t\t\t\t\t<div class=\"elementor-spacer\">\n\t\t\t<div class=\"elementor-spacer-inner\"><\/div>\n\t\t<\/div>\n\t\t\t\t\t\t<\/div>\n\t\t\t\t<\/div>\n\t\t\t\t<div class=\"elementor-element elementor-element-7bbbfb1 elementor-widget elementor-widget-heading\" data-id=\"7bbbfb1\" data-element_type=\"widget\" data-e-type=\"widget\" data-widget_type=\"heading.default\">\n\t\t\t\t<div class=\"elementor-widget-container\">\n\t\t\t\t\t<h2 class=\"elementor-heading-title elementor-size-default\">\u00bfQu\u00e9 es la odontolog\u00eda biol\u00f3gica?<\/h2>\t\t\t\t<\/div>\n\t\t\t\t<\/div>\n\t\t\t\t<div class=\"elementor-element elementor-element-cb34f1b elementor-widget elementor-widget-text-editor\" data-id=\"cb34f1b\" data-element_type=\"widget\" data-e-type=\"widget\" data-widget_type=\"text-editor.default\">\n\t\t\t\t<div class=\"elementor-widget-container\">\n\t\t\t\t\t\t\t\t\t<p>La\u00a0<strong>odontolog\u00eda biol\u00f3gica<\/strong>\u00a0es un tratamiento odontol\u00f3gico en el que consideramos a la persona como un todo y tenemos en cuenta los diferentes factores internos y externos que afectan a la salud bucal.\u00a0<\/p><p>De este modo, con la odontolog\u00eda biol\u00f3gica nos centramos b\u00e1sicamente en la\u00a0<b>salud integral<\/b>\u00a0del paciente teniendo en cuenta los diversos efectos que ciertos procedimientos o materiales dentales causan en el cuerpo, utilizando t\u00e9cnicas y\u00a0<b>m\u00e9todos no invasivos ni t\u00f3xicos<\/b>, tanto a la hora de realizar un diagn\u00f3stico como a la hora de desarrollar un tratamiento.\u00a0<\/p><p>En definitiva, trabajamos desde una perspectiva de\u00a0<b>odontolog\u00eda integrativa<\/b>\u00a0que est\u00e1 estrechamente ligada con la\u00a0<b>Medicina Funcional<\/b>\u00a0y el objetivo permanente de una\u00a0<b>b\u00fasqueda de salud<\/b>\u00a0y longevidad saludable.<\/p>\t\t\t\t\t\t\t\t<\/div>\n\t\t\t\t<\/div>\n\t\t\t\t\t<\/div>\n\t\t<\/div>\n\t\t\t\t\t<\/div>\n\t\t<\/section>\n\t\t\t\t<section class=\"elementor-section elementor-top-section elementor-element elementor-element-14cb9f0 elementor-section-stretched elementor-section-boxed elementor-section-height-default elementor-section-height-default\" data-id=\"14cb9f0\" data-element_type=\"section\" data-e-type=\"section\" data-settings=\"{&quot;stretch_section&quot;:&quot;section-stretched&quot;,&quot;background_background&quot;:&quot;classic&quot;}\">\n\t\t\t\t\t\t<div class=\"elementor-container elementor-column-gap-default\">\n\t\t\t\t\t<div class=\"elementor-column elementor-col-100 elementor-top-column elementor-element elementor-element-6d5b99c\" data-id=\"6d5b99c\" data-element_type=\"column\" data-e-type=\"column\">\n\t\t\t<div class=\"elementor-widget-wrap elementor-element-populated\">\n\t\t\t\t\t\t<div class=\"elementor-element elementor-element-b44ce59 elementor-widget elementor-widget-spacer\" data-id=\"b44ce59\" data-element_type=\"widget\" data-e-type=\"widget\" data-widget_type=\"spacer.default\">\n\t\t\t\t<div class=\"elementor-widget-container\">\n\t\t\t\t\t\t\t<div class=\"elementor-spacer\">\n\t\t\t<div class=\"elementor-spacer-inner\"><\/div>\n\t\t<\/div>\n\t\t\t\t\t\t<\/div>\n\t\t\t\t<\/div>\n\t\t\t\t<div class=\"elementor-element elementor-element-c74d283 elementor-widget elementor-widget-heading\" data-id=\"c74d283\" data-element_type=\"widget\" data-e-type=\"widget\" data-widget_type=\"heading.default\">\n\t\t\t\t<div class=\"elementor-widget-container\">\n\t\t\t\t\t<h2 class=\"elementor-heading-title elementor-size-default\">\u00bfQu\u00e9 beneficios tiene la odontolog\u00eda biol\u00f3gica?<\/h2>\t\t\t\t<\/div>\n\t\t\t\t<\/div>\n\t\t\t\t<div class=\"elementor-element elementor-element-9c3d73d elementor-widget elementor-widget-text-editor\" data-id=\"9c3d73d\" data-element_type=\"widget\" data-e-type=\"widget\" data-widget_type=\"text-editor.default\">\n\t\t\t\t<div class=\"elementor-widget-container\">\n\t\t\t\t\t\t\t\t\t<p>Una de las mayores <strong>ventajas de la odontolog\u00eda biol\u00f3gica<\/strong> es la utilizaci\u00f3n de materiales y t\u00e9cnicas respetuosas con el paciente y con el medio ambiente. Los procedimientos poco invasivos son los de preferencia y se evita el uso de metales.<\/p><p>Otro aspecto favorable es que cualquier persona, sin importar la edad, puede acceder a este tipo de tratamiento, desde reci\u00e9n nacidos hasta ancianos o personas con diversidad funcional.<\/p><p>Algunos de los tratamientos que acoge la odontolog\u00eda biol\u00f3gica son la retirada segura de amalgamas, ortodoncia minimamente invasiva, tratamientos de enfermedades dentales derivadas de la respiraci\u00f3n bucal o la implantolog\u00eda minimamente invasiva.\u00a0<\/p>\t\t\t\t\t\t\t\t<\/div>\n\t\t\t\t<\/div>\n\t\t\t\t\t<\/div>\n\t\t<\/div>\n\t\t\t\t\t<\/div>\n\t\t<\/section>\n\t\t\t\t<section class=\"elementor-section elementor-top-section elementor-element elementor-element-9eac7a3 elementor-section-stretched elementor-section-boxed elementor-section-height-default elementor-section-height-default\" data-id=\"9eac7a3\" data-element_type=\"section\" data-e-type=\"section\" data-settings=\"{&quot;stretch_section&quot;:&quot;section-stretched&quot;,&quot;background_background&quot;:&quot;classic&quot;}\">\n\t\t\t\t\t\t<div class=\"elementor-container elementor-column-gap-default\">\n\t\t\t\t\t<div class=\"elementor-column elementor-col-100 elementor-top-column elementor-element elementor-element-33f330a\" data-id=\"33f330a\" data-element_type=\"column\" data-e-type=\"column\">\n\t\t\t<div class=\"elementor-widget-wrap elementor-element-populated\">\n\t\t\t\t\t\t<div class=\"elementor-element elementor-element-8bcc604 elementor-widget elementor-widget-spacer\" data-id=\"8bcc604\" data-element_type=\"widget\" data-e-type=\"widget\" data-widget_type=\"spacer.default\">\n\t\t\t\t<div class=\"elementor-widget-container\">\n\t\t\t\t\t\t\t<div class=\"elementor-spacer\">\n\t\t\t<div class=\"elementor-spacer-inner\"><\/div>\n\t\t<\/div>\n\t\t\t\t\t\t<\/div>\n\t\t\t\t<\/div>\n\t\t\t\t<div class=\"elementor-element elementor-element-ad7ca92 elementor-widget elementor-widget-heading\" data-id=\"ad7ca92\" data-element_type=\"widget\" data-e-type=\"widget\" data-widget_type=\"heading.default\">\n\t\t\t\t<div class=\"elementor-widget-container\">\n\t\t\t\t\t<h2 class=\"elementor-heading-title elementor-size-default\">\u00bfD\u00f3nde puedo encontrarla?<\/h2>\t\t\t\t<\/div>\n\t\t\t\t<\/div>\n\t\t\t\t<div class=\"elementor-element elementor-element-3203902 elementor-widget elementor-widget-text-editor\" data-id=\"3203902\" data-element_type=\"widget\" data-e-type=\"widget\" data-widget_type=\"text-editor.default\">\n\t\t\t\t<div class=\"elementor-widget-container\">\n\t\t\t\t\t\t\t\t\t<p>La\u00a0<strong>odontolog\u00eda biol\u00f3gica<\/strong> <strong>en Valencia<\/strong> puedes encontrarla en <strong>KIMO ESPACIO<\/strong> y la <strong>odontolog\u00eda biol\u00f3gica en Albacete<\/strong> la puedes encontrar en la cl\u00ednica dental <strong>Raga Ortondoncia<\/strong>. Ambos dirigidos y liderados por el reconocido Dr. Carlos B. Raga. Odont\u00f3logo con una larga carrera profesional e innumerables casos de \u00e9xito a sus espaldas.<\/p>\t\t\t\t\t\t\t\t<\/div>\n\t\t\t\t<\/div>\n\t\t\t\t\t<\/div>\n\t\t<\/div>\n\t\t\t\t\t<\/div>\n\t\t<\/section>\n\t\t\t\t<section class=\"elementor-section elementor-top-section elementor-element elementor-element-75199a6 elementor-section-boxed elementor-section-height-default elementor-section-height-default\" data-id=\"75199a6\" data-element_type=\"section\" data-e-type=\"section\">\n\t\t\t\t\t\t<div class=\"elementor-container elementor-column-gap-default\">\n\t\t\t\t\t<div class=\"elementor-column elementor-col-50 elementor-top-column elementor-element elementor-element-651bfe3\" data-id=\"651bfe3\" data-element_type=\"column\" data-e-type=\"column\">\n\t\t\t<div class=\"elementor-widget-wrap elementor-element-populated\">\n\t\t\t\t\t\t<div class=\"elementor-element elementor-element-95f183a elementor-widget elementor-widget-image\" data-id=\"95f183a\" data-element_type=\"widget\" data-e-type=\"widget\" data-widget_type=\"image.default\">\n\t\t\t\t<div class=\"elementor-widget-container\">\n\t\t\t\t\t\t\t\t\t\t\t\t\t\t\t\t<a href=\"https:\/\/www.kimoespacio.es\/\">\n\t\t\t\t\t\t\t<img fetchpriority=\"high\" decoding=\"async\" width=\"300\" height=\"300\" src=\"https:\/\/www.odontologiabiologica.com\/wp-content\/uploads\/2022\/12\/kimo_logo-300x300-1.png\" class=\"elementor-animation-grow attachment-large size-large wp-image-73\" alt=\"\" srcset=\"https:\/\/www.odontologiabiologica.com\/wp-content\/uploads\/2022\/12\/kimo_logo-300x300-1.png 300w, https:\/\/www.odontologiabiologica.com\/wp-content\/uploads\/2022\/12\/kimo_logo-300x300-1-150x150.png 150w, https:\/\/www.odontologiabiologica.com\/wp-content\/uploads\/2022\/12\/kimo_logo-300x300-1-240x240.png 240w\" sizes=\"(max-width: 300px) 100vw, 300px\" \/>\t\t\t\t\t\t\t\t<\/a>\n\t\t\t\t\t\t\t\t\t\t\t\t\t\t\t<\/div>\n\t\t\t\t<\/div>\n\t\t\t\t<div class=\"elementor-element elementor-element-9bc534d elementor-widget elementor-widget-heading\" data-id=\"9bc534d\" data-element_type=\"widget\" data-e-type=\"widget\" data-widget_type=\"heading.default\">\n\t\t\t\t<div class=\"elementor-widget-container\">\n\t\t\t\t\t<h2 class=\"elementor-heading-title elementor-size-default\">VALENCIA<\/h2>\t\t\t\t<\/div>\n\t\t\t\t<\/div>\n\t\t\t\t<div class=\"elementor-element elementor-element-98ffc09 elementor-widget elementor-widget-text-editor\" data-id=\"98ffc09\" data-element_type=\"widget\" data-e-type=\"widget\" data-widget_type=\"text-editor.default\">\n\t\t\t\t<div class=\"elementor-widget-container\">\n\t\t\t\t\t\t\t\t\t<p>C\/ Doctor Fleming 1, 46004 Valencia<\/p><p>T. 960 266 700 \u2013 627 666 005<br \/>masqueodontologos@kimoespacio.es<\/p>\t\t\t\t\t\t\t\t<\/div>\n\t\t\t\t<\/div>\n\t\t\t\t\t<\/div>\n\t\t<\/div>\n\t\t\t\t<div class=\"elementor-column elementor-col-50 elementor-top-column elementor-element elementor-element-839701f\" data-id=\"839701f\" data-element_type=\"column\" data-e-type=\"column\">\n\t\t\t<div class=\"elementor-widget-wrap elementor-element-populated\">\n\t\t\t\t\t\t<div class=\"elementor-element elementor-element-e546439 elementor-widget elementor-widget-image\" data-id=\"e546439\" data-element_type=\"widget\" data-e-type=\"widget\" data-widget_type=\"image.default\">\n\t\t\t\t<div class=\"elementor-widget-container\">\n\t\t\t\t\t\t\t\t\t\t\t\t\t\t\t\t<a href=\"https:\/\/ragaalbacete.com\/\">\n\t\t\t\t\t\t\t<img decoding=\"async\" width=\"748\" height=\"596\" src=\"https:\/\/www.odontologiabiologica.com\/wp-content\/uploads\/2022\/12\/raga_ortodoncia.png\" class=\"elementor-animation-grow attachment-large size-large wp-image-74\" alt=\"\" srcset=\"https:\/\/www.odontologiabiologica.com\/wp-content\/uploads\/2022\/12\/raga_ortodoncia.png 748w, https:\/\/www.odontologiabiologica.com\/wp-content\/uploads\/2022\/12\/raga_ortodoncia-300x239.png 300w, https:\/\/www.odontologiabiologica.com\/wp-content\/uploads\/2022\/12\/raga_ortodoncia-301x240.png 301w\" sizes=\"(max-width: 748px) 100vw, 748px\" \/>\t\t\t\t\t\t\t\t<\/a>\n\t\t\t\t\t\t\t\t\t\t\t\t\t\t\t<\/div>\n\t\t\t\t<\/div>\n\t\t\t\t<div class=\"elementor-element elementor-element-f20f305 elementor-widget elementor-widget-heading\" data-id=\"f20f305\" data-element_type=\"widget\" data-e-type=\"widget\" data-widget_type=\"heading.default\">\n\t\t\t\t<div class=\"elementor-widget-container\">\n\t\t\t\t\t<h2 class=\"elementor-heading-title elementor-size-default\">albacete<\/h2>\t\t\t\t<\/div>\n\t\t\t\t<\/div>\n\t\t\t\t<div class=\"elementor-element elementor-element-34befa7 elementor-widget elementor-widget-text-editor\" data-id=\"34befa7\" data-element_type=\"widget\" data-e-type=\"widget\" data-widget_type=\"text-editor.default\">\n\t\t\t\t<div class=\"elementor-widget-container\">\n\t\t\t\t\t\t\t\t\t<p>Pedro Sim\u00f3n Abril 19, 02003 Albacete<\/p><p>T. 967 22 14 81 \u2013 747 852 646<br \/>recepcionalb@ragaortodoncia.com<\/p>\t\t\t\t\t\t\t\t<\/div>\n\t\t\t\t<\/div>\n\t\t\t\t\t<\/div>\n\t\t<\/div>\n\t\t\t\t\t<\/div>\n\t\t<\/section>\n\t\t\t\t<\/div>\n\t\t","protected":false},"excerpt":{"rendered":"<p>\u00bfQu\u00e9 es la odontolog\u00eda biol\u00f3gica? La\u00a0odontolog\u00eda biol\u00f3gica\u00a0es un tratamiento odontol\u00f3gico en el que consideramos a la persona como un todo y tenemos en cuenta los diferentes factores internos y externos que afectan a la salud bucal.\u00a0 De este modo, con la odontolog\u00eda biol\u00f3gica nos centramos b\u00e1sicamente en la\u00a0salud integral\u00a0del paciente teniendo en cuenta los diversos [&hellip;]<\/p>\n","protected":false},"author":1,"featured_media":0,"parent":0,"menu_order":0,"comment_status":"closed","ping_status":"open","template":"","meta":{"footnotes":""},"class_list":["post-2","page","type-page","status-publish","hentry","potter-post"],"_links":{"self":[{"href":"https:\/\/www.odontologiabiologica.com\/index.php?rest_route=\/wp\/v2\/pages\/2","targetHints":{"allow":["GET"]}}],"collection":[{"href":"https:\/\/www.odontologiabiologica.com\/index.php?rest_route=\/wp\/v2\/pages"}],"about":[{"href":"https:\/\/www.odontologiabiologica.com\/index.php?rest_route=\/wp\/v2\/types\/page"}],"author":[{"embeddable":true,"href":"https:\/\/www.odontologiabiologica.com\/index.php?rest_route=\/wp\/v2\/users\/1"}],"replies":[{"embeddable":true,"href":"https:\/\/www.odontologiabiologica.com\/index.php?rest_route=%2Fwp%2Fv2%2Fcomments&post=2"}],"version-history":[{"count":92,"href":"https:\/\/www.odontologiabiologica.com\/index.php?rest_route=\/wp\/v2\/pages\/2\/revisions"}],"predecessor-version":[{"id":145,"href":"https:\/\/www.odontologiabiologica.com\/index.php?rest_route=\/wp\/v2\/pages\/2\/revisions\/145"}],"wp:attachment":[{"href":"https:\/\/www.odontologiabiologica.com\/index.php?rest_route=%2Fwp%2Fv2%2Fmedia&parent=2"}],"curies":[{"name":"wp","href":"https:\/\/api.w.org\/{rel}","templated":true}]}}